{"id":912,"date":"2025-06-02T14:55:02","date_gmt":"2025-06-02T11:55:02","guid":{"rendered":"https:\/\/www.starfishlimited.com.tr\/?page_id=912"},"modified":"2025-12-08T15:00:42","modified_gmt":"2025-12-08T12:00:42","slug":"iletisim","status":"publish","type":"page","link":"https:\/\/www.starfishlimited.com.tr\/tr\/iletisim\/","title":{"rendered":"\u0130leti\u015fim"},"content":{"rendered":"<div class=\"rts-contact-info-area\">\n    <div class=\"container\">\n        <div class=\"row g-24\">\n\n            <div class=\"col-lg-3 col-md-6 col-sm-6 col-12\">\n                <div class=\"single-contact--info-wrapper\">\n                    <div class=\"thumbnail\">\n                        <img decoding=\"async\" src=\"https:\/\/starfishlimited.com.tr\/wp-content\/uploads\/2025\/02\/p1-1.jpg\" alt=\"img\">\n       \n                    <\/div>\n                    <div class=\"content\">\n                        <span>TELEFON<\/span>\n                       \n                        <a href=\"tel:+905354259133\">\n                            <h5 class=\"title\" style=\"font-size: 18px;font-weight: 500;\">Yerel : +90 535 425 91 33<\/h5>\n                        <\/a>\n                        <a href=\"tel:+905356561396\">\n                            <h5 class=\"title\" style=\"font-size: 18px;font-weight: 500;\">Uluslararas\u0131 : +90 535 656 13 96<\/h5>\n                        <\/a>\n                    <\/div>\n                <\/div>\n            <\/div>\n            <div class=\"col-lg-3 col-md-6 col-sm-6 col-12\">\n                <div class=\"single-contact--info-wrapper\">\n                    <div class=\"thumbnail\">\n                        <img decoding=\"async\" src=\"https:\/\/starfishlimited.com.tr\/wp-content\/uploads\/2025\/02\/email-img-1-1.jpg\" alt=\"img\">\n\n                    <\/div>\n                    <div class=\"content\">\n                        <span>E-POSTA<\/span>\n                        <a href=\"mailto:info@starfishlimited.com.tr\">\n                            <h5 class=\"title\" style=\"font-size: 18px;font-weight: 500;\">info@starfishlimited.com.tr<\/h5>\n                        <\/a>\n                    <\/div>\n                <\/div>\n            <\/div>\n     \n            <div class=\"col-lg-3 col-md-6 col-sm-6 col-12\">\n                <div class=\"single-contact--info-wrapper\">\n                    <div class=\"thumbnail\">\n                        <img decoding=\"async\" src=\"https:\/\/starfishlimited.com.tr\/wp-content\/uploads\/2025\/02\/location-img-1-1.jpg\" alt=\"img\">\n            \n                    <\/div>\n                    <div class=\"content\">\n                        <span>ADRES<\/span>\n                        <a href=\"iletisim\">\n                            <h5 class=\"title\" style=\"font-size: 18px;font-weight: 500;\">Ostim Osb. 1170. Cadde No:4\/42 \u00d6z\u00e7elik \u0130\u015f Merkezi Yenimahalle\/ANKARA<\/h5>\n                        <\/a>\n                    <\/div>\n                <\/div>\n            <\/div>\n\n            <div class=\"col-lg-3 col-md-6 col-sm-6 col-12\">\n                <div class=\"single-contact--info-wrapper\">\n                    <div class=\"thumbnail\">\n                        <img decoding=\"async\" src=\"https:\/\/starfishlimited.com.tr\/wp-content\/uploads\/2025\/02\/follow-img-1.jpg\" alt=\"img\">\n                    <\/div>\n                    <div class=\"content\">\n                        <span>SOSYAL MEDYA<\/span>\n                        <a href=\"https:\/\/www.instagram.com\/starfish.ltd\/\" target=\"_blank\">\n                            <h5 class=\"title\" style=\"font-size: 18px;font-weight: 500;\"><i class=\"fab fa-instagram\"><\/i><\/h5>\n                        <\/a>\n                        <a href=\"https:\/\/tr.linkedin.com\/company\/starfish-enerji-limited-sirketi\" target=\"_blank\">\n                            <h5 class=\"title\" style=\"font-size: 18px;font-weight: 500;\"><i class=\"fab fa-linkedin\"><\/i><\/h5>\n                        <\/a>\n                    <\/div>\n                <\/div>\n            <\/div>\n        <\/div>\n    <\/div>\n<\/div>","protected":false},"excerpt":{"rendered":"<p>TELEFON Yerel : +90 535 425 91 33 Uluslararas\u0131 : +90 535 656 13 96 E-POSTA info@starfishlimited.com.tr ADRES Ostim Osb. 1170. Cadde No:4\/42 \u00d6z\u00e7elik \u0130\u015f Merkezi Yenimahalle\/ANKARA SOSYAL MEDYA<\/p>","protected":false},"author":1,"featured_media":0,"parent":0,"menu_order":0,"comment_status":"closed","ping_status":"closed","template":"","meta":{"footnotes":""},"class_list":["post-912","page","type-page","status-publish","hentry"],"_links":{"self":[{"href":"https:\/\/www.starfishlimited.com.tr\/tr\/wp-json\/wp\/v2\/pages\/912","targetHints":{"allow":["GET"]}}],"collection":[{"href":"https:\/\/www.starfishlimited.com.tr\/tr\/wp-json\/wp\/v2\/pages"}],"about":[{"href":"https:\/\/www.starfishlimited.com.tr\/tr\/wp-json\/wp\/v2\/types\/page"}],"author":[{"embeddable":true,"href":"https:\/\/www.starfishlimited.com.tr\/tr\/wp-json\/wp\/v2\/users\/1"}],"replies":[{"embeddable":true,"href":"https:\/\/www.starfishlimited.com.tr\/tr\/wp-json\/wp\/v2\/comments?post=912"}],"version-history":[{"count":4,"href":"https:\/\/www.starfishlimited.com.tr\/tr\/wp-json\/wp\/v2\/pages\/912\/revisions"}],"predecessor-version":[{"id":1083,"href":"https:\/\/www.starfishlimited.com.tr\/tr\/wp-json\/wp\/v2\/pages\/912\/revisions\/1083"}],"wp:attachment":[{"href":"https:\/\/www.starfishlimited.com.tr\/tr\/wp-json\/wp\/v2\/media?parent=912"}],"curies":[{"name":"wp","href":"https:\/\/api.w.org\/{rel}","templated":true}]}}