{"id":868,"date":"2025-05-30T16:49:17","date_gmt":"2025-05-30T13:49:17","guid":{"rendered":"https:\/\/www.starfishlimited.com.tr\/?page_id=868"},"modified":"2025-05-30T16:51:26","modified_gmt":"2025-05-30T13:51:26","slug":"sutun-variac-servo-stabilizatoru","status":"publish","type":"page","link":"https:\/\/www.starfishlimited.com.tr\/tr\/sutun-variac-servo-stabilizatoru\/","title":{"rendered":"S\u00fctun Variac Servo Stabilizat\u00f6r\u00fc"},"content":{"rendered":"<div class=\"wp-block-columns is-layout-flex wp-container-core-columns-is-layout-9d6595d7 wp-block-columns-is-layout-flex\"><div class=\"wp-block-column is-layout-flow wp-block-column-is-layout-flow\" style=\"flex-basis:66.66%\"><p>Geleneksel varyaklar, toroidal bir \u00e7ekirdek \u00fczerine sar\u0131lan sarg\u0131larla \u00fcretilir. Kolon varyaklar, kare bir \u00e7ekirdek \u00fczerine sar\u0131lan sarg\u0131lardan olu\u015fur. Kolon varyaklar kullan\u0131larak yap\u0131lan stabilizat\u00f6rler, y\u00fckseltici trafo kullan\u0131lmadan daha y\u00fcksek g\u00fc\u00e7lere kadar \u00fcretilebilir. Bu nedenle, r\u00f6lantide ve tam y\u00fckte kay\u0131p \u00e7ok d\u00fc\u015f\u00fckt\u00fcr. Tek bir trafodan olu\u015ftu\u011fu i\u00e7in cihaz kabini i\u00e7inde daha az \u0131s\u0131 \u00fcretilir.<\/p>\n\n<p>Kolon Varyaklar, H s\u0131n\u0131f\u0131 emaye bak\u0131r tellerle dikd\u00f6rtgen bir \u00e7ekirdek \u00fczerine sar\u0131l\u0131r. Vakum kazan\u0131nda verniklenir ve 180 C&#8217;de bir f\u0131r\u0131nda kurutulur.<\/p><\/div>\n\n<div class=\"wp-block-column is-layout-flow wp-block-column-is-layout-flow\" style=\"flex-basis:33.33%\"><figure class=\"wp-block-image size-full\"><img loading=\"lazy\" decoding=\"async\" width=\"308\" height=\"205\" src=\"https:\/\/starfishlimited.com.tr\/wp-content\/uploads\/2025\/02\/p5-1.png\" alt=\"\" class=\"wp-image-555\" srcset=\"https:\/\/www.starfishlimited.com.tr\/wp-content\/uploads\/2025\/02\/p5-1.png 308w, https:\/\/www.starfishlimited.com.tr\/wp-content\/uploads\/2025\/02\/p5-1-300x200.png 300w, https:\/\/www.starfishlimited.com.tr\/wp-content\/uploads\/2025\/02\/p5-1-18x12.png 18w\" sizes=\"auto, (max-width: 308px) 100vw, 308px\" \/><\/figure><\/div><\/div><p>\u00c7\u0131k\u0131\u015f voltaj\u0131n\u0131n mikroi\u015flemci kontrol kart\u0131 ile TRUE RMS olarak \u00f6rneklenmesiyle, fark voltaj\u0131na g\u00f6re motor h\u0131z\u0131 se\u00e7ilerek optimum d\u00fczeltme h\u0131z\u0131 belirlenir.<\/p><p>\u00c7\u0131k\u0131\u015f voltaj\u0131n\u0131n izlenmesi i\u00e7in analog veya dijital voltmetre kullan\u0131l\u0131r.<\/p><p>Ar\u0131za durumunda \u015febekeden \u00e7al\u0131\u015fmaya devam etmek i\u00e7in manuel bypass anahtar\u0131 mevcuttur ve opsiyonel olarak otomatik bypass sistemi eklenebilir.<\/p><p>\u00dcr\u00fcnler CE ve TSE kalite standartlar\u0131na uygun olarak \u00fcretilmekte olup firmam\u0131z ISO-9001 kalite belgesine sahiptir.<\/p><p><strong>Genel \u00d6zellikler<\/strong><\/p><div class=\"wp-block-columns is-layout-flex wp-container-core-columns-is-layout-9d6595d7 wp-block-columns-is-layout-flex\"><div class=\"wp-block-column is-layout-flow wp-block-column-is-layout-flow\"><p>\u27a4 \u0130zole yap\u0131<br>\u27a4 12.000 \u2013 22.000 gauss sac<br>\u27a4 \u00d6zel kesme sac,<br>\u27a4 \u00d6zel \u00fcretim g\u00f6vde<br>\u27a4 S\u0131n\u0131f H bak\u0131r veya al\u00fcminyum sar\u0131m<br>\u27a4 Al\u00fcminyum veya bak\u0131r Folyo sarma<br>\u27a4 A\u015f\u0131r\u0131 \u0131s\u0131nma koruma termostat\u0131<br>\u27a4 UK: 3% \u2013 4%<\/p><\/div>\n\n<div class=\"wp-block-column is-layout-flow wp-block-column-is-layout-flow\"><p>\u27a4 2 dakika boyunca %200 y\u00fcke dayan\u0131r<br>\u27a4 Vakum verni\u011fi<br>\u27a4 F\u0131r\u0131n kurutma<br>\u27a4 Sigorta ile Giri\u015f \u2013 \u00c7\u0131k\u0131\u015f korumas\u0131<br>\u27a4 Topraklama Ekran\u0131<br>\u27a4 Yal\u0131t\u0131m voltaj\u0131: 4.000 VAC<br>\u27a4 Y\u00fcksek verimlilik<br>\u27a4 Terminal veya pabu\u00e7 ba\u011flant\u0131s\u0131<\/p><\/div>\n\n<div class=\"wp-block-column is-layout-flow wp-block-column-is-layout-flow\"><p>\u27a4 Giri\u015f-\u00e7\u0131k\u0131\u015f filtresi<br>\u27a4 Boyal\u0131 veya boyas\u0131z \u00e7\u00f6z\u00fcmler<br>\u27a4 Fanl\u0131 so\u011futma<br>\u27a4 Sessiz \u00e7al\u0131\u015fma<br>\u27a4 Ko\u015ful testi<br>\u27a4 IP 20 \u2013 IP65 Koruma s\u0131n\u0131f\u0131<br>\u27a4 CE ve ISO-9001 sertifikal\u0131<br>\u27a4 \u00d6zel paketleme<\/p><\/div><\/div>","protected":false},"excerpt":{"rendered":"<p>Geleneksel varyaklar, toroidal bir \u00e7ekirdek \u00fczerine sar\u0131lan sarg\u0131larla \u00fcretilir. Kolon varyaklar, kare bir \u00e7ekirdek \u00fczerine sar\u0131lan sarg\u0131lardan olu\u015fur. Kolon varyaklar kullan\u0131larak yap\u0131lan stabilizat\u00f6rler, y\u00fckseltici trafo kullan\u0131lmadan daha y\u00fcksek g\u00fc\u00e7lere kadar \u00fcretilebilir. Bu nedenle, r\u00f6lantide ve tam y\u00fckte kay\u0131p \u00e7ok d\u00fc\u015f\u00fckt\u00fcr. Tek bir trafodan olu\u015ftu\u011fu i\u00e7in cihaz kabini i\u00e7inde daha az \u0131s\u0131 \u00fcretilir. Kolon Varyaklar, H [&hellip;]<\/p>","protected":false},"author":1,"featured_media":0,"parent":0,"menu_order":0,"comment_status":"closed","ping_status":"closed","template":"","meta":{"footnotes":""},"class_list":["post-868","page","type-page","status-publish","hentry"],"_links":{"self":[{"href":"https:\/\/www.starfishlimited.com.tr\/tr\/wp-json\/wp\/v2\/pages\/868","targetHints":{"allow":["GET"]}}],"collection":[{"href":"https:\/\/www.starfishlimited.com.tr\/tr\/wp-json\/wp\/v2\/pages"}],"about":[{"href":"https:\/\/www.starfishlimited.com.tr\/tr\/wp-json\/wp\/v2\/types\/page"}],"author":[{"embeddable":true,"href":"https:\/\/www.starfishlimited.com.tr\/tr\/wp-json\/wp\/v2\/users\/1"}],"replies":[{"embeddable":true,"href":"https:\/\/www.starfishlimited.com.tr\/tr\/wp-json\/wp\/v2\/comments?post=868"}],"version-history":[{"count":2,"href":"https:\/\/www.starfishlimited.com.tr\/tr\/wp-json\/wp\/v2\/pages\/868\/revisions"}],"predecessor-version":[{"id":871,"href":"https:\/\/www.starfishlimited.com.tr\/tr\/wp-json\/wp\/v2\/pages\/868\/revisions\/871"}],"wp:attachment":[{"href":"https:\/\/www.starfishlimited.com.tr\/tr\/wp-json\/wp\/v2\/media?parent=868"}],"curies":[{"name":"wp","href":"https:\/\/api.w.org\/{rel}","templated":true}]}}