{"id":864,"date":"2025-05-30T16:46:55","date_gmt":"2025-05-30T13:46:55","guid":{"rendered":"https:\/\/www.starfishlimited.com.tr\/?page_id=864"},"modified":"2025-05-30T16:48:33","modified_gmt":"2025-05-30T13:48:33","slug":"ekonomik-tip-servo-stabilizator","status":"publish","type":"page","link":"https:\/\/www.starfishlimited.com.tr\/tr\/ekonomik-tip-servo-stabilizator\/","title":{"rendered":"Ekonomik Tip Servo Stabilizat\u00f6r"},"content":{"rendered":"<div class=\"wp-block-columns is-layout-flex wp-container-core-columns-is-layout-9d6595d7 wp-block-columns-is-layout-flex\"><div class=\"wp-block-column is-layout-flow wp-block-column-is-layout-flow\" style=\"flex-basis:66.66%\"><p>DC motor, varyak ve kontrol kart\u0131 yard\u0131m\u0131yla d\u00fczeltme yapar. \u00dc\u00e7 fazl\u0131 ve tek fazl\u0131 olarak \u00fcretilir. 5 kVA \u00fczeri g\u00fc\u00e7lerde booster trafo kullan\u0131l\u0131r. 2.000 KVA&#8217;ya kadar \u00fcretilir.<\/p>\n\n<p>\u00c7\u0131k\u0131\u015f voltaj\u0131 analog voltmetre yard\u0131m\u0131yla izlenebilir. Siyah ve beyaz olmak \u00fczere iki farkl\u0131 renk se\u00e7ene\u011fi vard\u0131r.<\/p>\n\n<p>Tekerlekli yap\u0131s\u0131 sayesinde kolay ta\u015f\u0131nabilirlik avantaj\u0131na sahiptir.<\/p><\/div>\n\n<div class=\"wp-block-column is-layout-flow wp-block-column-is-layout-flow\" style=\"flex-basis:33.33%\"><figure class=\"wp-block-image size-full\"><img loading=\"lazy\" decoding=\"async\" width=\"308\" height=\"205\" src=\"https:\/\/starfishlimited.com.tr\/wp-content\/uploads\/2025\/02\/p4-1.png\" alt=\"\" class=\"wp-image-551\" srcset=\"https:\/\/www.starfishlimited.com.tr\/wp-content\/uploads\/2025\/02\/p4-1.png 308w, https:\/\/www.starfishlimited.com.tr\/wp-content\/uploads\/2025\/02\/p4-1-300x200.png 300w, https:\/\/www.starfishlimited.com.tr\/wp-content\/uploads\/2025\/02\/p4-1-18x12.png 18w\" sizes=\"auto, (max-width: 308px) 100vw, 308px\" \/><\/figure><\/div><\/div><p>Avantaj\u0131: Stabilizat\u00f6r fiyat\u0131 kar\u015f\u0131la\u015ft\u0131r\u0131ld\u0131\u011f\u0131nda en ucuz stabilizat\u00f6rd\u00fcr. Bu \u00f6zelli\u011finden dolay\u0131 piyasada di\u011fer stabilizat\u00f6rlere g\u00f6re \u00e7ok tercih edilmektedir. Hatta fiyat\u0131 \u00e7ok ucuz oldu\u011fu i\u00e7in ikinci el bir stabilizat\u00f6r\u00fcn fiyat\u0131 ile ayn\u0131 say\u0131labilir. Zaman zaman d\u00fc\u015f\u00fck fiyat\u0131ndan dolay\u0131 kiral\u0131k stabilizat\u00f6r aray\u0131\u015f\u0131 ortadan kalkm\u0131\u015ft\u0131r.<\/p><p>Dezavantaj\u0131: Standart bir stabilizat\u00f6re g\u00f6re r\u00f6lantide %10 ila %30 daha fazla elektrik t\u00fcketimine sebep olur. Ayr\u0131ca CosQ de\u011feri 0,8&#8217;den k\u00fc\u00e7\u00fckt\u00fcr.<\/p><p><strong>Genel \u00d6zellikler<\/strong><\/p><div class=\"wp-block-columns is-layout-flex wp-container-core-columns-is-layout-9d6595d7 wp-block-columns-is-layout-flex\"><div class=\"wp-block-column is-layout-flow wp-block-column-is-layout-flow\"><p>\u27a4 Mikroi\u015flemci kontroll\u00fc<br>\u27a4 8000 gausse sac<br>\u27a4 Al\u00fcminyum sarg\u0131<br>\u27a4 \u00c7\u0131k\u0131\u015f hassasiyeti: %3-4<br>\u27a4 CosQ: &lt;0,8<br>\u27a4 Yal\u0131t\u0131m voltaj\u0131: 2.000 VAC<\/p><\/div>\n\n<div class=\"wp-block-column is-layout-flow wp-block-column-is-layout-flow\"><p>\u27a4 Verimlilik %92<br>\u27a4 Opsiyonel fan so\u011futma<br>\u27a4 Terminal veya pabu\u00e7 ba\u011flant\u0131s\u0131<br>\u27a4 Dijital voltmetre<br>\u27a4 Manuel Bypass anahtar\u0131<br>\u27a4 Opsiyonel geni\u015f d\u00fczeltme aral\u0131\u011f\u0131 se\u00e7ene\u011fi<\/p><\/div>\n\n<div class=\"wp-block-column is-layout-flow wp-block-column-is-layout-flow\"><p>\u27a4 \u00dc\u00e7 fazl\u0131 ve tek fazl\u0131 se\u00e7enekler<br>\u27a4 Toroidal alacal\u0131 yap\u0131<br>\u27a4 \u00dczengi ge\u00e7i\u015f anahtar\u0131<br>\u27a4 S\u0131n\u0131r koruma anahtarlar\u0131n\u0131n sonu<br>\u27a4 Tekerlekli Yap\u0131<\/p><\/div><\/div>","protected":false},"excerpt":{"rendered":"<p>DC motor, varyak ve kontrol kart\u0131 yard\u0131m\u0131yla d\u00fczeltme yapar. \u00dc\u00e7 fazl\u0131 ve tek fazl\u0131 olarak \u00fcretilir. 5 kVA \u00fczeri g\u00fc\u00e7lerde booster trafo kullan\u0131l\u0131r. 2.000 KVA&#8217;ya kadar \u00fcretilir. \u00c7\u0131k\u0131\u015f voltaj\u0131 analog voltmetre yard\u0131m\u0131yla izlenebilir. Siyah ve beyaz olmak \u00fczere iki farkl\u0131 renk se\u00e7ene\u011fi vard\u0131r. Tekerlekli yap\u0131s\u0131 sayesinde kolay ta\u015f\u0131nabilirlik avantaj\u0131na sahiptir. Avantaj\u0131: Stabilizat\u00f6r fiyat\u0131 kar\u015f\u0131la\u015ft\u0131r\u0131ld\u0131\u011f\u0131nda en [&hellip;]<\/p>","protected":false},"author":1,"featured_media":0,"parent":0,"menu_order":0,"comment_status":"closed","ping_status":"closed","template":"","meta":{"footnotes":""},"class_list":["post-864","page","type-page","status-publish","hentry"],"_links":{"self":[{"href":"https:\/\/www.starfishlimited.com.tr\/tr\/wp-json\/wp\/v2\/pages\/864","targetHints":{"allow":["GET"]}}],"collection":[{"href":"https:\/\/www.starfishlimited.com.tr\/tr\/wp-json\/wp\/v2\/pages"}],"about":[{"href":"https:\/\/www.starfishlimited.com.tr\/tr\/wp-json\/wp\/v2\/types\/page"}],"author":[{"embeddable":true,"href":"https:\/\/www.starfishlimited.com.tr\/tr\/wp-json\/wp\/v2\/users\/1"}],"replies":[{"embeddable":true,"href":"https:\/\/www.starfishlimited.com.tr\/tr\/wp-json\/wp\/v2\/comments?post=864"}],"version-history":[{"count":2,"href":"https:\/\/www.starfishlimited.com.tr\/tr\/wp-json\/wp\/v2\/pages\/864\/revisions"}],"predecessor-version":[{"id":867,"href":"https:\/\/www.starfishlimited.com.tr\/tr\/wp-json\/wp\/v2\/pages\/864\/revisions\/867"}],"wp:attachment":[{"href":"https:\/\/www.starfishlimited.com.tr\/tr\/wp-json\/wp\/v2\/media?parent=864"}],"curies":[{"name":"wp","href":"https:\/\/api.w.org\/{rel}","templated":true}]}}