{"id":860,"date":"2025-05-30T16:44:27","date_gmt":"2025-05-30T13:44:27","guid":{"rendered":"https:\/\/www.starfishlimited.com.tr\/?page_id=860"},"modified":"2025-05-30T16:46:15","modified_gmt":"2025-05-30T13:46:15","slug":"uc-fazli-servo-stabilizator-3-faz","status":"publish","type":"page","link":"https:\/\/www.starfishlimited.com.tr\/tr\/uc-fazli-servo-stabilizator-3-faz\/","title":{"rendered":"\u00dc\u00e7 Fazl\u0131 Servo Stabilizat\u00f6r (3 Faz)"},"content":{"rendered":"<div class=\"wp-block-columns is-layout-flex wp-container-core-columns-is-layout-9d6595d7 wp-block-columns-is-layout-flex\"><div class=\"wp-block-column is-layout-flow wp-block-column-is-layout-flow\" style=\"flex-basis:66.66%\"><p>\u00dc\u00e7 Fazl\u0131 Servo Stabilizat\u00f6rler \u00e7o\u011funlukla \u00fc\u00e7 fazl\u0131 elektri\u011fin bulundu\u011fu end\u00fcstride kullan\u0131l\u0131r. Reg\u00fclasyon, mikroi\u015flemci kontrol kart\u0131 yard\u0131m\u0131yla motor-varyak-g\u00fc\u00e7lendirici trafo kullan\u0131larak yap\u0131l\u0131r.<\/p>\n\n<p>Varyak kontrol\u00fcnde kullan\u0131lan motor h\u0131z\u0131n\u0131n \u00e7\u0131k\u0131\u015f voltaj\u0131 de\u011fi\u015fimine ba\u011fl\u0131 olarak otomatik olarak de\u011fi\u015ftirilmesiyle y\u00fcksek d\u00fczeltme h\u0131z\u0131 elde edilmi\u015ftir. \u00c7\u0131k\u0131\u015f voltaj tolerans\u0131 ve giri\u015f d\u00fczeltme aral\u0131\u011f\u0131 kullan\u0131m yerine ba\u011fl\u0131 olarak de\u011fi\u015ftirilebilir.<\/p>\n\n<p>\u00dc\u00e7 Fazl\u0131 Servo Stabilizat\u00f6rler 3 KVA ile 3.000 KVA aras\u0131nda de\u011fi\u015fen g\u00fc\u00e7lerde \u00fcretilir. Opsiyonel koruma \u00fcnitesi ve \u00e7\u0131k\u0131\u015f filtresinin eklenmesiyle ekstra g\u00fcvenli \u00e7al\u0131\u015fma sa\u011flan\u0131r.<\/p>\n\n<p>A\u011f\u0131r \u00e7al\u0131\u015fma ko\u015fullar\u0131nda m\u00fckemmel performans g\u00f6sterir.<\/p>\n\n<p>Varyaklar H s\u0131n\u0131f\u0131 emaye bak\u0131r tellerle sar\u0131l\u0131r. Vakum kazan\u0131nda verniklenir ve 180 C&#8217;de f\u0131r\u0131nda kurutulur.<\/p><\/div>\n\n<div class=\"wp-block-column is-layout-flow wp-block-column-is-layout-flow\" style=\"flex-basis:33.33%\"><figure class=\"wp-block-image size-full\"><img loading=\"lazy\" decoding=\"async\" width=\"225\" height=\"300\" src=\"https:\/\/starfishlimited.com.tr\/wp-content\/uploads\/2025\/02\/BB.jpg\" alt=\"\" class=\"wp-image-547\" srcset=\"https:\/\/www.starfishlimited.com.tr\/wp-content\/uploads\/2025\/02\/BB.jpg 225w, https:\/\/www.starfishlimited.com.tr\/wp-content\/uploads\/2025\/02\/BB-9x12.jpg 9w\" sizes=\"auto, (max-width: 225px) 100vw, 225px\" \/><\/figure><\/div><\/div><p><strong>Genel \u00d6zellikler<\/strong><\/p><div class=\"wp-block-columns is-layout-flex wp-container-core-columns-is-layout-9d6595d7 wp-block-columns-is-layout-flex\"><div class=\"wp-block-column is-layout-flow wp-block-column-is-layout-flow\"><p>\u27a4 Mikroi\u015flemci kontroll\u00fc<br>\u27a4 12.000 \u2013 22.000 gauss sac<br>\u27a4 Ak\u0131ll\u0131 motor devir kontrol\u00fc<br>\u27a4 150 V\/sn d\u00fczeltme h\u0131z\u0131<br>\u27a4 Opsiyonel a\u015f\u0131r\u0131 gerilim koruma \u00fcnitesi<br>\u27a4 Faz koruma \u00fcnitesi<br>\u27a4 2\u00d716 sat\u0131r LCD ekran se\u00e7ene\u011fi<br>\u27a4 Kesme \u015falterli koruma se\u00e7ene\u011fi<\/p><\/div>\n\n<div class=\"wp-block-column is-layout-flow wp-block-column-is-layout-flow\"><p>\u27a4 Bak\u0131r veya al\u00fcminyum sarg\u0131<br>\u27a4 \u0130ste\u011fe ba\u011fl\u0131 g\u00fc\u00e7 analiz\u00f6r\u00fc ilavesi<br>\u27a4 Yal\u0131t\u0131m voltaj\u0131: 4.000 VAC<br>\u27a4 Verimlilik %96<br>\u27a4 \u00c7\u0131k\u0131\u015f hassasiyeti: %2<br>\u27a4 CosQ &gt;=0,8<br>\u27a4 \u0130ste\u011fe ba\u011fl\u0131 fan so\u011futma<br>\u27a4 Terminal veya pabu\u00e7 ba\u011flant\u0131s\u0131<\/p><\/div>\n\n<div class=\"wp-block-column is-layout-flow wp-block-column-is-layout-flow\"><p>\u27a4 Dijital voltmetre<br>\u27a4 Manuel Bypass anahtar\u0131<br>\u27a4 Opsiyonel otomatik bypass se\u00e7ene\u011fi<br>\u27a4 Opsiyonel geni\u015f d\u00fczeltme aral\u0131\u011f\u0131 se\u00e7ene\u011fi<br>\u27a4 \u00dc\u00e7 fazl\u0131 ve tek fazl\u0131 se\u00e7enekler<br>\u27a4 Toroidal alacal\u0131 yap\u0131<br>\u27a4 Limit koruma anahtarlar\u0131n\u0131n sonu<br>\u27a4 Tekerlekli<br>\u27a4 Sessiz \u00e7al\u0131\u015fma<\/p><\/div><\/div>","protected":false},"excerpt":{"rendered":"<p>\u00dc\u00e7 Fazl\u0131 Servo Stabilizat\u00f6rler \u00e7o\u011funlukla \u00fc\u00e7 fazl\u0131 elektri\u011fin bulundu\u011fu end\u00fcstride kullan\u0131l\u0131r. Reg\u00fclasyon, mikroi\u015flemci kontrol kart\u0131 yard\u0131m\u0131yla motor-varyak-g\u00fc\u00e7lendirici trafo kullan\u0131larak yap\u0131l\u0131r. Varyak kontrol\u00fcnde kullan\u0131lan motor h\u0131z\u0131n\u0131n \u00e7\u0131k\u0131\u015f voltaj\u0131 de\u011fi\u015fimine ba\u011fl\u0131 olarak otomatik olarak de\u011fi\u015ftirilmesiyle y\u00fcksek d\u00fczeltme h\u0131z\u0131 elde edilmi\u015ftir. \u00c7\u0131k\u0131\u015f voltaj tolerans\u0131 ve giri\u015f d\u00fczeltme aral\u0131\u011f\u0131 kullan\u0131m yerine ba\u011fl\u0131 olarak de\u011fi\u015ftirilebilir. \u00dc\u00e7 Fazl\u0131 Servo Stabilizat\u00f6rler 3 [&hellip;]<\/p>","protected":false},"author":1,"featured_media":0,"parent":0,"menu_order":0,"comment_status":"closed","ping_status":"closed","template":"","meta":{"footnotes":""},"class_list":["post-860","page","type-page","status-publish","hentry"],"_links":{"self":[{"href":"https:\/\/www.starfishlimited.com.tr\/tr\/wp-json\/wp\/v2\/pages\/860","targetHints":{"allow":["GET"]}}],"collection":[{"href":"https:\/\/www.starfishlimited.com.tr\/tr\/wp-json\/wp\/v2\/pages"}],"about":[{"href":"https:\/\/www.starfishlimited.com.tr\/tr\/wp-json\/wp\/v2\/types\/page"}],"author":[{"embeddable":true,"href":"https:\/\/www.starfishlimited.com.tr\/tr\/wp-json\/wp\/v2\/users\/1"}],"replies":[{"embeddable":true,"href":"https:\/\/www.starfishlimited.com.tr\/tr\/wp-json\/wp\/v2\/comments?post=860"}],"version-history":[{"count":2,"href":"https:\/\/www.starfishlimited.com.tr\/tr\/wp-json\/wp\/v2\/pages\/860\/revisions"}],"predecessor-version":[{"id":863,"href":"https:\/\/www.starfishlimited.com.tr\/tr\/wp-json\/wp\/v2\/pages\/860\/revisions\/863"}],"wp:attachment":[{"href":"https:\/\/www.starfishlimited.com.tr\/tr\/wp-json\/wp\/v2\/media?parent=860"}],"curies":[{"name":"wp","href":"https:\/\/api.w.org\/{rel}","templated":true}]}}