{"id":856,"date":"2025-05-30T16:41:39","date_gmt":"2025-05-30T13:41:39","guid":{"rendered":"https:\/\/www.starfishlimited.com.tr\/?page_id=856"},"modified":"2025-05-30T16:43:32","modified_gmt":"2025-05-30T13:43:32","slug":"tek-fazli-servo-stabilizator","status":"publish","type":"page","link":"https:\/\/www.starfishlimited.com.tr\/tr\/tek-fazli-servo-stabilizator\/","title":{"rendered":"Tek Fazl\u0131 Servo Stabilizat\u00f6r"},"content":{"rendered":"<div class=\"wp-block-columns is-layout-flex wp-container-core-columns-is-layout-9d6595d7 wp-block-columns-is-layout-flex\"><div class=\"wp-block-column is-layout-flow wp-block-column-is-layout-flow\" style=\"flex-basis:66.66%\"><p>Monofaze servo stabilizat\u00f6rler \u00e7o\u011funlukla konutlarda kullan\u0131l\u0131r. Reg\u00fclasyon motor \u2013 varyak \u2013 y\u00fckseltici trafo yard\u0131m\u0131yla yap\u0131l\u0131r. \u00c7\u0131k\u0131\u015f voltaj hassasiyeti ve giri\u015f d\u00fczeltme aral\u0131\u011f\u0131 kullan\u0131m yerine g\u00f6re de\u011fi\u015ftirilebilir.<\/p>\n\n<p>Opsiyonel koruma \u00fcnitesi ve \u00e7\u0131k\u0131\u015f filtresi ilavesiyle ekstra g\u00fcvenli \u00e7al\u0131\u015fma sa\u011flan\u0131r.<\/p>\n\n<p>Monofaze servo stabilizat\u00f6r trafolar\u0131 H s\u0131n\u0131f\u0131 emaye ve cam elyaf bak\u0131r veya al\u00fcminyum tellerle sar\u0131l\u0131r. Vakum kazan\u0131nda verniklenir ve 180 C&#8217;de f\u0131r\u0131nda kurutulur.<\/p>\n\n<p>Opsiyonel olarak a\u015f\u0131r\u0131 \u0131s\u0131nma, a\u015f\u0131r\u0131 ak\u0131m, d\u00fc\u015f\u00fck voltaj, y\u00fcksek voltaj koruma \u00fcnitesi eklenir ve giri\u015f ve \u00e7\u0131k\u0131\u015f voltajlar\u0131n\u0131 izlemek i\u00e7in dijital voltmetre bulunur.<\/p><\/div>\n\n<div class=\"wp-block-column is-layout-flow wp-block-column-is-layout-flow\" style=\"flex-basis:33.33%\"><figure class=\"wp-block-image size-full\"><img loading=\"lazy\" decoding=\"async\" width=\"308\" height=\"205\" src=\"https:\/\/starfishlimited.com.tr\/wp-content\/uploads\/2025\/02\/p2-1.png\" alt=\"\" class=\"wp-image-542\" srcset=\"https:\/\/www.starfishlimited.com.tr\/wp-content\/uploads\/2025\/02\/p2-1.png 308w, https:\/\/www.starfishlimited.com.tr\/wp-content\/uploads\/2025\/02\/p2-1-300x200.png 300w, https:\/\/www.starfishlimited.com.tr\/wp-content\/uploads\/2025\/02\/p2-1-18x12.png 18w\" sizes=\"auto, (max-width: 308px) 100vw, 308px\" \/><\/figure><\/div><\/div><p>Genellikle ev, ofis ve villalarda kullan\u0131l\u0131r. Ev i\u00e7in servo stabilizat\u00f6r g\u00fcc\u00fc 10 kVA ile 20 kVA aras\u0131nda \u00f6nerilir. \u015eehir \u015febekesi voltaj\u0131n\u0131n \u00e7ok d\u00fc\u015f\u00fck oldu\u011fu yerlerde UPS performans\u0131n\u0131 art\u0131rmak i\u00e7in kullan\u0131l\u0131r.<\/p><p>Cihaz \u00fcretimi CE kalite normlar\u0131na uygun olarak yap\u0131lmakta olup firmam\u0131z ISO-9001 kalite belgesine sahiptir. \u00dcretim hatalar\u0131na kar\u015f\u0131 2 y\u0131l garantilidir.<\/p><p><strong>Genel \u00d6zellikler<\/strong><\/p><div class=\"wp-block-columns is-layout-flex wp-container-core-columns-is-layout-9d6595d7 wp-block-columns-is-layout-flex\"><div class=\"wp-block-column is-layout-flow wp-block-column-is-layout-flow\"><p>\u27a4 Mikroi\u015flemci kontroll\u00fc<br>\u27a4 12.000 \u2013 22.000 gauss sac metal<br>\u27a4 Bak\u0131r veya al\u00fcminyum sarg\u0131<br>\u27a4 \u0130ste\u011fe ba\u011fl\u0131 g\u00fc\u00e7 analiz\u00f6r\u00fc ekleme<br>\u27a4 Yal\u0131t\u0131m voltaj\u0131: 4.000 VAC<br>\u27a4 Verimlilik %96<\/p><\/div>\n\n<div class=\"wp-block-column is-layout-flow wp-block-column-is-layout-flow\"><p>\u27a4 \u00c7\u0131k\u0131\u015f hassasiyeti: %2<br>\u27a4 CosQ &gt;=0.8<br>\u27a4 \u0130ste\u011fe ba\u011fl\u0131 fan so\u011futma<br>\u27a4 Terminal veya pabu\u00e7 ba\u011flant\u0131s\u0131<br>\u27a4 Dijital voltmetre<br>\u27a4 Manuel Bypass anahtar\u0131<br>\u27a4 \u0130ste\u011fe ba\u011fl\u0131 otomatik by-pass se\u00e7ene\u011fi<\/p><\/div>\n\n<div class=\"wp-block-column is-layout-flow wp-block-column-is-layout-flow\"><p>\u27a4 \u0130ste\u011fe ba\u011fl\u0131 geni\u015f d\u00fczeltme aral\u0131\u011f\u0131 se\u00e7ene\u011fi<br>\u27a4 \u00dc\u00e7 fazl\u0131 ve tek fazl\u0131 se\u00e7enekler<br>\u27a4 Toroidal alacal\u0131 yap\u0131<br>\u27a4 S\u0131n\u0131r koruma anahtarlar\u0131n\u0131n sonu<br>\u27a4 Tekerlekli<br>\u27a4 Sessiz \u00e7al\u0131\u015fma<\/p><\/div><\/div>","protected":false},"excerpt":{"rendered":"<p>Monofaze servo stabilizat\u00f6rler \u00e7o\u011funlukla konutlarda kullan\u0131l\u0131r. Reg\u00fclasyon motor \u2013 varyak \u2013 y\u00fckseltici trafo yard\u0131m\u0131yla yap\u0131l\u0131r. \u00c7\u0131k\u0131\u015f voltaj hassasiyeti ve giri\u015f d\u00fczeltme aral\u0131\u011f\u0131 kullan\u0131m yerine g\u00f6re de\u011fi\u015ftirilebilir. Opsiyonel koruma \u00fcnitesi ve \u00e7\u0131k\u0131\u015f filtresi ilavesiyle ekstra g\u00fcvenli \u00e7al\u0131\u015fma sa\u011flan\u0131r. Monofaze servo stabilizat\u00f6r trafolar\u0131 H s\u0131n\u0131f\u0131 emaye ve cam elyaf bak\u0131r veya al\u00fcminyum tellerle sar\u0131l\u0131r. Vakum kazan\u0131nda verniklenir [&hellip;]<\/p>","protected":false},"author":1,"featured_media":0,"parent":0,"menu_order":0,"comment_status":"closed","ping_status":"closed","template":"","meta":{"footnotes":""},"class_list":["post-856","page","type-page","status-publish","hentry"],"_links":{"self":[{"href":"https:\/\/www.starfishlimited.com.tr\/tr\/wp-json\/wp\/v2\/pages\/856","targetHints":{"allow":["GET"]}}],"collection":[{"href":"https:\/\/www.starfishlimited.com.tr\/tr\/wp-json\/wp\/v2\/pages"}],"about":[{"href":"https:\/\/www.starfishlimited.com.tr\/tr\/wp-json\/wp\/v2\/types\/page"}],"author":[{"embeddable":true,"href":"https:\/\/www.starfishlimited.com.tr\/tr\/wp-json\/wp\/v2\/users\/1"}],"replies":[{"embeddable":true,"href":"https:\/\/www.starfishlimited.com.tr\/tr\/wp-json\/wp\/v2\/comments?post=856"}],"version-history":[{"count":2,"href":"https:\/\/www.starfishlimited.com.tr\/tr\/wp-json\/wp\/v2\/pages\/856\/revisions"}],"predecessor-version":[{"id":859,"href":"https:\/\/www.starfishlimited.com.tr\/tr\/wp-json\/wp\/v2\/pages\/856\/revisions\/859"}],"wp:attachment":[{"href":"https:\/\/www.starfishlimited.com.tr\/tr\/wp-json\/wp\/v2\/media?parent=856"}],"curies":[{"name":"wp","href":"https:\/\/api.w.org\/{rel}","templated":true}]}}