{"id":852,"date":"2025-05-30T16:39:25","date_gmt":"2025-05-30T13:39:25","guid":{"rendered":"https:\/\/www.starfishlimited.com.tr\/?page_id=852"},"modified":"2025-05-30T16:40:52","modified_gmt":"2025-05-30T13:40:52","slug":"servo-stabilizator-nedir","status":"publish","type":"page","link":"https:\/\/www.starfishlimited.com.tr\/tr\/servo-stabilizator-nedir\/","title":{"rendered":"Servo Stabilizat\u00f6r Nedir?"},"content":{"rendered":"<div class=\"wp-block-columns is-layout-flex wp-container-core-columns-is-layout-9d6595d7 wp-block-columns-is-layout-flex\"><div class=\"wp-block-column is-layout-flow wp-block-column-is-layout-flow\" style=\"flex-basis:66.66%\"><p>Servo Stabilizat\u00f6r, \u015febeke voltaj\u0131n\u0131 standart de\u011ferde sabit tutma i\u015flevini g\u00f6r\u00fcr. Servo stabilizat\u00f6r, motor ve trafo yard\u0131m\u0131yla reg\u00fclasyonu yapar. Mikroi\u015flemci kontrol kart\u0131 yard\u0131m\u0131yla \u00e7\u0131k\u0131\u015f voltaj\u0131 s\u00fcrekli \u00f6l\u00e7\u00fclerek nominal sapma durumunda motor uygun y\u00f6nde harekete ge\u00e7irilir. \u00c7\u0131k\u0131\u015f voltaj\u0131, motora ba\u011fl\u0131 varyak yard\u0131m\u0131yla uygun de\u011ferde y\u00fckseltici trafoya verilen voltajla reg\u00fcle edilir. \u00c7\u0131k\u0131\u015f voltaj\u0131nda \u200b\u200bsapma yoksa motor d\u00f6nmez.<\/p>\n\n<p>Servo stabilizat\u00f6r, motorun a\u015f\u0131r\u0131 d\u00f6nmesini \u00f6nlemek i\u00e7in 0 ve 360 \u200b\u200bderecelerde yerle\u015ftirilmi\u015f u\u00e7 s\u0131n\u0131r anahtarlar\u0131na sahiptir. Hareketli par\u00e7alara sahip oldu\u011fundan ar\u0131za olas\u0131l\u0131\u011f\u0131 y\u00fcksektir. 1 KVA ile 2000 KVA aras\u0131ndaki g\u00fc\u00e7lerde \u00fcretilir. 150 KVA&#8217;n\u0131n \u00fczerindeki g\u00fc\u00e7lerde varyaklar paralel olarak kullan\u0131l\u0131r. \u0130ste\u011fe ba\u011fl\u0131 olarak servo stabilizat\u00f6re ekstra g\u00fcvenlik sa\u011flamak i\u00e7in ek koruma eklenebilir.<\/p><\/div>\n\n<div class=\"wp-block-column is-layout-flow wp-block-column-is-layout-flow\" style=\"flex-basis:33.33%\"><figure class=\"wp-block-image size-full\"><img loading=\"lazy\" decoding=\"async\" width=\"308\" height=\"205\" src=\"https:\/\/starfishlimited.com.tr\/wp-content\/uploads\/2025\/02\/p1-1.png\" alt=\"\" class=\"wp-image-538\" srcset=\"https:\/\/www.starfishlimited.com.tr\/wp-content\/uploads\/2025\/02\/p1-1.png 308w, https:\/\/www.starfishlimited.com.tr\/wp-content\/uploads\/2025\/02\/p1-1-300x200.png 300w, https:\/\/www.starfishlimited.com.tr\/wp-content\/uploads\/2025\/02\/p1-1-18x12.png 18w\" sizes=\"auto, (max-width: 308px) 100vw, 308px\" \/><\/figure><\/div><\/div><p><strong>Servo Stabilizat\u00f6r Nedir? \u00c7al\u0131\u015fma Prensibi Nedir?<\/strong><\/p><div class=\"wp-block-columns is-layout-flex wp-container-core-columns-is-layout-9d6595d7 wp-block-columns-is-layout-flex\"><div class=\"wp-block-column is-layout-flow wp-block-column-is-layout-flow\" style=\"flex-basis:66.66%\"><p>Servo stabilizat\u00f6r\u00fcn giri\u015findeki ana ak\u0131mdan gelen voltaj devre taraf\u0131ndan s\u00fcrekli \u00f6l\u00e7\u00fclerek mikroi\u015flemciden olu\u015fan ana kontrol \u00fcnitesine geri bildirim sa\u011flar. Bu mikroi\u015flemci s\u00fcrekli olarak giri\u015f voltaj de\u011ferlerini al\u0131r. Otomatik voltaj stabilizat\u00f6r\u00fcn\u00fcn (servo stabilizat\u00f6r) giri\u015finde y\u00fcksek veya d\u00fc\u015f\u00fck voltaj oldu\u011funda mikroi\u015flemci motor s\u00fcr\u00fcc\u00fcs\u00fcn\u00fc tetikler. Servo stabilizat\u00f6r, giri\u015fteki y\u00fcksek voltaj veya d\u00fc\u015f\u00fck voltaja g\u00f6re motor s\u00fcr\u00fcc\u00fc trafo sarg\u0131s\u0131 boyunca hareket ederek voltaj\u0131 ayarlar.<\/p>\n\n<p>Servo stabilizat\u00f6r\u00fcn \u00e7al\u0131\u015fma prensibi i\u00e7in yandaki diyagram\u0131 inceleyebilirsiniz.<\/p>\n\n<p>Servo stabilizat\u00f6r \u00e7e\u015fitleri ve \u00f6zellikleri hakk\u0131nda daha fazla bilgi edinmek i\u00e7in Sevo stabilizat\u00f6r sayfam\u0131z\u0131 inceleyebilirsiniz. Yine firmam\u0131zla ileti\u015fime ge\u00e7erek \u00fcr\u00fcnlerimiz hakk\u0131nda bilgi alabilirsiniz.<\/p><\/div>\n\n<div class=\"wp-block-column is-layout-flow wp-block-column-is-layout-flow\" style=\"flex-basis:33.33%\"><figure class=\"wp-block-image size-full\"><img loading=\"lazy\" decoding=\"async\" width=\"300\" height=\"169\" src=\"https:\/\/starfishlimited.com.tr\/wp-content\/uploads\/2025\/02\/servo_regulator-circuit-300x169-1.jpg\" alt=\"\" class=\"wp-image-540\" srcset=\"https:\/\/www.starfishlimited.com.tr\/wp-content\/uploads\/2025\/02\/servo_regulator-circuit-300x169-1.jpg 300w, https:\/\/www.starfishlimited.com.tr\/wp-content\/uploads\/2025\/02\/servo_regulator-circuit-300x169-1-18x10.jpg 18w\" sizes=\"auto, (max-width: 300px) 100vw, 300px\" \/><\/figure><\/div><\/div>","protected":false},"excerpt":{"rendered":"<p>Servo Stabilizat\u00f6r, \u015febeke voltaj\u0131n\u0131 standart de\u011ferde sabit tutma i\u015flevini g\u00f6r\u00fcr. Servo stabilizat\u00f6r, motor ve trafo yard\u0131m\u0131yla reg\u00fclasyonu yapar. Mikroi\u015flemci kontrol kart\u0131 yard\u0131m\u0131yla \u00e7\u0131k\u0131\u015f voltaj\u0131 s\u00fcrekli \u00f6l\u00e7\u00fclerek nominal sapma durumunda motor uygun y\u00f6nde harekete ge\u00e7irilir. \u00c7\u0131k\u0131\u015f voltaj\u0131, motora ba\u011fl\u0131 varyak yard\u0131m\u0131yla uygun de\u011ferde y\u00fckseltici trafoya verilen voltajla reg\u00fcle edilir. \u00c7\u0131k\u0131\u015f voltaj\u0131nda \u200b\u200bsapma yoksa motor d\u00f6nmez. Servo [&hellip;]<\/p>","protected":false},"author":1,"featured_media":0,"parent":0,"menu_order":0,"comment_status":"closed","ping_status":"closed","template":"","meta":{"footnotes":""},"class_list":["post-852","page","type-page","status-publish","hentry"],"_links":{"self":[{"href":"https:\/\/www.starfishlimited.com.tr\/tr\/wp-json\/wp\/v2\/pages\/852","targetHints":{"allow":["GET"]}}],"collection":[{"href":"https:\/\/www.starfishlimited.com.tr\/tr\/wp-json\/wp\/v2\/pages"}],"about":[{"href":"https:\/\/www.starfishlimited.com.tr\/tr\/wp-json\/wp\/v2\/types\/page"}],"author":[{"embeddable":true,"href":"https:\/\/www.starfishlimited.com.tr\/tr\/wp-json\/wp\/v2\/users\/1"}],"replies":[{"embeddable":true,"href":"https:\/\/www.starfishlimited.com.tr\/tr\/wp-json\/wp\/v2\/comments?post=852"}],"version-history":[{"count":2,"href":"https:\/\/www.starfishlimited.com.tr\/tr\/wp-json\/wp\/v2\/pages\/852\/revisions"}],"predecessor-version":[{"id":855,"href":"https:\/\/www.starfishlimited.com.tr\/tr\/wp-json\/wp\/v2\/pages\/852\/revisions\/855"}],"wp:attachment":[{"href":"https:\/\/www.starfishlimited.com.tr\/tr\/wp-json\/wp\/v2\/media?parent=852"}],"curies":[{"name":"wp","href":"https:\/\/api.w.org\/{rel}","templated":true}]}}