{"id":843,"date":"2025-05-30T15:41:48","date_gmt":"2025-05-30T12:41:48","guid":{"rendered":"https:\/\/www.starfishlimited.com.tr\/?page_id=843"},"modified":"2025-05-30T15:44:22","modified_gmt":"2025-05-30T12:44:22","slug":"harici-tip-statik-stabilizator","status":"publish","type":"page","link":"https:\/\/www.starfishlimited.com.tr\/tr\/harici-tip-statik-stabilizator\/","title":{"rendered":"Harici Tip Statik Stabilizat\u00f6r"},"content":{"rendered":"<div class=\"wp-block-columns is-layout-flex wp-container-core-columns-is-layout-9d6595d7 wp-block-columns-is-layout-flex\"><div class=\"wp-block-column is-layout-flow wp-block-column-is-layout-flow\" style=\"flex-basis:66.66%\"><p>A\u00e7\u0131k ortamlarda kullan\u0131lmas\u0131 gereken makineler de a\u015f\u0131r\u0131 voltaj de\u011fi\u015fikliklerinden etkilenir. \u015eebeke d\u00fc\u015f\u00fck veya y\u00fcksek oldu\u011funda ar\u0131zalan\u0131r veya \u00e7al\u0131\u015fmaz.<\/p>\n\n<p>Ancak standart tip statik stabilizat\u00f6rler g\u00fcne\u015f \u0131\u015f\u0131\u011f\u0131, ya\u011fmur, kar vb. taraf\u0131ndan olu\u015fturulan a\u015f\u0131r\u0131 \u0131s\u0131ya maruz kal\u0131rlar. \u00c7e\u015fitli nedenlerle ar\u0131zalanabilecekleri i\u00e7in a\u00e7\u0131k ortamlarda kullan\u0131lamazlar. Bu gibi durumlar i\u00e7in \u00f6zel \u00e7\u00f6z\u00fcm\u00fcm\u00fcz olarak A\u00e7\u0131k Tip statik stabilizat\u00f6r \u00fcretiyoruz. Bu stabilizat\u00f6r dolaplar\u0131n\u0131n i\u00e7 duvarlar\u0131 g\u00fcne\u015f \u0131\u015f\u0131\u011f\u0131na kar\u015f\u0131 \u0131s\u0131 yal\u0131t\u0131m malzemeleri ile kaplanm\u0131\u015f olup ya\u011fmur ve benzeri s\u0131v\u0131 giri\u015fini engellemek i\u00e7in IP54, IP65 standartlar\u0131na uygun olarak tasarlanm\u0131\u015ft\u0131r. Ayr\u0131ca toz par\u00e7ac\u0131klar\u0131n\u0131n giri\u015fini engellemek i\u00e7in havaland\u0131rma giri\u015flerine \u00f6zel filtreler eklenmi\u015ftir.<\/p>\n\n<p>Ayr\u0131ca kapal\u0131 alanlarda montaj yeri olmayan ve hastane, fabrika, konut vb. gibi d\u0131\u015f mekanlara yerle\u015ftirilmesi gereken yerlerde de rahatl\u0131kla kullan\u0131labilir.<\/p>\n\n<p>D\u0131\u015f ortamdan kaynaklanan y\u0131ld\u0131r\u0131m d\u00fc\u015fmelerinin etkilerine kar\u015f\u0131 koruma sa\u011flamak i\u00e7in parafudr ile koruma sa\u011flan\u0131r.<\/p>\n\n<p>Harici tip statik stabilizat\u00f6rde d\u00fczenleme ama\u00e7l\u0131 kullan\u0131lan elektronik yar\u0131 iletken malzemeler bu zorlu ko\u015fullara uygun olarak se\u00e7ilmi\u015ftir.<\/p><\/div>\n\n<div class=\"wp-block-column is-layout-flow wp-block-column-is-layout-flow\" style=\"flex-basis:33.33%\"><figure class=\"wp-block-image size-full\"><img loading=\"lazy\" decoding=\"async\" width=\"240\" height=\"300\" src=\"https:\/\/starfishlimited.com.tr\/wp-content\/uploads\/2025\/02\/hr.jpg\" alt=\"\" class=\"wp-image-517\" srcset=\"https:\/\/www.starfishlimited.com.tr\/wp-content\/uploads\/2025\/02\/hr.jpg 240w, https:\/\/www.starfishlimited.com.tr\/wp-content\/uploads\/2025\/02\/hr-10x12.jpg 10w\" sizes=\"auto, (max-width: 240px) 100vw, 240px\" \/><\/figure><\/div><\/div><p>Tar\u0131msal sulama sistemleri, \u015fantiyelerde kullan\u0131lan kule vin\u00e7ler, gemilere d\u00fczenli enerji sa\u011flamak i\u00e7in iskele kenarlar\u0131nda vb. Zorlu ko\u015fullarda g\u00fcvenle kullan\u0131labilir.<\/p><p>Stabilizat\u00f6r trafolar\u0131nda silikon kar\u0131\u015f\u0131ml\u0131 sac kullan\u0131larak elde edilen y\u00fcksek verimlilikle elektrik t\u00fcketimi minimize edilmi\u015ftir. Trafolar\u0131n sar\u0131m\u0131nda 200 C \u0131s\u0131ya dayan\u0131kl\u0131 H0 s\u0131n\u0131f\u0131 emaye kapl\u0131 bak\u0131r teller kullan\u0131lm\u0131\u015ft\u0131r. Koruma \u00fcnitesi sayesinde riskli durumlarda (y\u00fcksek voltaj, d\u00fc\u015f\u00fck voltaj, a\u015f\u0131r\u0131 ak\u0131m, a\u015f\u0131r\u0131 \u0131s\u0131nma) statik stabilizat\u00f6r devre d\u0131\u015f\u0131 b\u0131rak\u0131l\u0131r.<\/p><p><strong>Genel \u00d6zellikler<\/strong><\/p><div class=\"wp-block-columns is-layout-flex wp-container-core-columns-is-layout-9d6595d7 wp-block-columns-is-layout-flex\"><div class=\"wp-block-column is-layout-flow wp-block-column-is-layout-flow\"><p>\u27a4 D\u0131\u015f tip (d\u0131\u015f mekan) IP54 \u2013 IP65<br>\u27a4 \u0130\u00e7 duvarlarda g\u00fcne\u015f \u0131\u015f\u0131nlar\u0131na kar\u015f\u0131 \u0131s\u0131 yal\u0131t\u0131m\u0131<br>\u27a4 Filtre ile toza kar\u015f\u0131 koruma<br>\u27a4 Ya\u011fmur, kar ve her t\u00fcrl\u00fc s\u0131v\u0131ya kar\u015f\u0131 koruma<br>\u27a4 Kabin i\u00e7inde \u00f6zel \u0131s\u0131tma ve so\u011futma sistemleri<br>\u27a4 Fiberglas korumal\u0131 LCD ekran<br>\u27a4 Tamamen yerli \u00fcretim<br>\u27a4 Semikron marka trist\u00f6r mod\u00fclleri<br>\u27a4 Socomec marka changeover switch<br>\u27a4 ABB marka Compact switch<br>\u27a4 DUCATI marka \u00e7\u0131k\u0131\u015f filtresi<br>\u27a4 Mikroi\u015flemci kontroll\u00fc<br>\u27a4 Tam sin\u00fcs \u00e7\u0131k\u0131\u015f dalga formu<br>\u27a4 %1-3 \u00e7\u0131k\u0131\u015f voltaj hassasiyeti<\/p><\/div>\n\n<div class=\"wp-block-column is-layout-flow wp-block-column-is-layout-flow\"><p>\u27a4 000 V\/sn d\u00fczeltme h\u0131z\u0131<br>\u27a4 G\u00fc\u00e7lendirici trafo\/g\u00fc\u00e7lendirici trafo yap\u0131s\u0131<br>\u27a4 k\u00fc\u00e7\u00fck boyutlar,<br>\u27a4 Toprak ka\u00e7a\u011f\u0131 korumas\u0131<br>\u27a4 Parafudr korumas\u0131<br>\u27a4 Geni\u015f voltaj d\u00fczeltme aral\u0131\u011f\u0131<br>\u27a4 000 \u2013 22.000 gausse sac metal<br>\u27a4 S\u0131n\u0131f H bak\u0131r veya al\u00fcminyum sarg\u0131<br>\u27a4 Al\u00fcminyum veya bak\u0131r Folyo sarg\u0131<br>\u27a4 Ayarlanabilir \u00e7\u0131k\u0131\u015f voltaj\u0131<br>\u27a4 A\u015f\u0131r\u0131 \u0131s\u0131nma korumas\u0131<br>\u27a4 A\u015f\u0131r\u0131 ak\u0131m korumas\u0131<br>\u27a4 \u00c7\u0131k\u0131\u015f voltaj\u0131 y\u00fcksek korumas\u0131<\/p><\/div>\n\n<div class=\"wp-block-column is-layout-flow wp-block-column-is-layout-flow\"><p>\u27a4 \u00c7\u0131k\u0131\u015f voltaj\u0131 d\u00fc\u015f\u00fck korumas\u0131<br>\u27a4 Giri\u015f ve \u00e7\u0131k\u0131\u015f voltaj\u0131 izleme<br>\u27a4 Ar\u0131za bilgisi izleme<br>\u27a4 Manuel Bypass<br>\u27a4 Socomec marka ge\u00e7i\u015f anahtar\u0131<br>\u27a4 Fanl\u0131 so\u011futma<br>\u27a4 Sessiz \u00e7al\u0131\u015fma<br>\u27a4 Tekerlekli<br>\u27a4 Ko\u015ful testi<br>\u27a4 Soket veya terminal ba\u011flant\u0131 se\u00e7ene\u011fi<br>\u27a4 IP 20 \u2013 IP65 Koruma s\u0131n\u0131f\u0131<br>\u27a4 CE ve ISO-9001 sertifikal\u0131<br>\u27a4 \u00d6zel paketleme<\/p><\/div><\/div>","protected":false},"excerpt":{"rendered":"<p>A\u00e7\u0131k ortamlarda kullan\u0131lmas\u0131 gereken makineler de a\u015f\u0131r\u0131 voltaj de\u011fi\u015fikliklerinden etkilenir. \u015eebeke d\u00fc\u015f\u00fck veya y\u00fcksek oldu\u011funda ar\u0131zalan\u0131r veya \u00e7al\u0131\u015fmaz. Ancak standart tip statik stabilizat\u00f6rler g\u00fcne\u015f \u0131\u015f\u0131\u011f\u0131, ya\u011fmur, kar vb. taraf\u0131ndan olu\u015fturulan a\u015f\u0131r\u0131 \u0131s\u0131ya maruz kal\u0131rlar. \u00c7e\u015fitli nedenlerle ar\u0131zalanabilecekleri i\u00e7in a\u00e7\u0131k ortamlarda kullan\u0131lamazlar. Bu gibi durumlar i\u00e7in \u00f6zel \u00e7\u00f6z\u00fcm\u00fcm\u00fcz olarak A\u00e7\u0131k Tip statik stabilizat\u00f6r \u00fcretiyoruz. Bu stabilizat\u00f6r [&hellip;]<\/p>","protected":false},"author":1,"featured_media":0,"parent":0,"menu_order":0,"comment_status":"closed","ping_status":"closed","template":"","meta":{"footnotes":""},"class_list":["post-843","page","type-page","status-publish","hentry"],"_links":{"self":[{"href":"https:\/\/www.starfishlimited.com.tr\/tr\/wp-json\/wp\/v2\/pages\/843","targetHints":{"allow":["GET"]}}],"collection":[{"href":"https:\/\/www.starfishlimited.com.tr\/tr\/wp-json\/wp\/v2\/pages"}],"about":[{"href":"https:\/\/www.starfishlimited.com.tr\/tr\/wp-json\/wp\/v2\/types\/page"}],"author":[{"embeddable":true,"href":"https:\/\/www.starfishlimited.com.tr\/tr\/wp-json\/wp\/v2\/users\/1"}],"replies":[{"embeddable":true,"href":"https:\/\/www.starfishlimited.com.tr\/tr\/wp-json\/wp\/v2\/comments?post=843"}],"version-history":[{"count":2,"href":"https:\/\/www.starfishlimited.com.tr\/tr\/wp-json\/wp\/v2\/pages\/843\/revisions"}],"predecessor-version":[{"id":846,"href":"https:\/\/www.starfishlimited.com.tr\/tr\/wp-json\/wp\/v2\/pages\/843\/revisions\/846"}],"wp:attachment":[{"href":"https:\/\/www.starfishlimited.com.tr\/tr\/wp-json\/wp\/v2\/media?parent=843"}],"curies":[{"name":"wp","href":"https:\/\/api.w.org\/{rel}","templated":true}]}}