{"id":839,"date":"2025-05-30T15:39:48","date_gmt":"2025-05-30T12:39:48","guid":{"rendered":"https:\/\/www.starfishlimited.com.tr\/?page_id=839"},"modified":"2025-05-30T15:41:04","modified_gmt":"2025-05-30T12:41:04","slug":"uc-fazli-3-fazli-statik-stabilizator","status":"publish","type":"page","link":"https:\/\/www.starfishlimited.com.tr\/tr\/uc-fazli-3-fazli-statik-stabilizator\/","title":{"rendered":"\u00dc\u00e7 Fazl\u0131 (3 Fazl\u0131) Statik Stabilizat\u00f6r"},"content":{"rendered":"<div class=\"wp-block-columns is-layout-flex wp-container-core-columns-is-layout-9d6595d7 wp-block-columns-is-layout-flex\"><div class=\"wp-block-column is-layout-flow wp-block-column-is-layout-flow\" style=\"flex-basis:66.66%\"><p>\u00dc\u00e7 fazl\u0131 statik stabilizat\u00f6r; \u015eebeke voltaj\u0131ndaki dengesizlikleri \u00e7\u00f6zmek i\u00e7in bulunan y\u00f6ntemlerden biri de mikroi\u015flemci tabanl\u0131 statik stabilizat\u00f6rd\u00fcr. D\u00fczeltme h\u0131zlar\u0131 \u00e7ok y\u00fcksektir. Bu nedenle \u015febeke voltaj\u0131ndaki k\u00fc\u00e7\u00fck de\u011fi\u015fikliklere duyarl\u0131 makineler ve motor bar\u0131nd\u0131ran makineler i\u00e7in kesin \u00e7\u00f6z\u00fcm sa\u011flad\u0131\u011f\u0131 i\u00e7in \u00f6zellikle tercih edilmektedir. Mikroi\u015flemci kontrol\u00fc olarak ZVC-B Tekni\u011fi ile yar\u0131 iletken trist\u00f6rlerin tetiklenmesiyle reg\u00fclasyon sa\u011fland\u0131\u011f\u0131ndan d\u00fczeltme h\u0131z\u0131 10 kat art\u0131r\u0131lm\u0131\u015ft\u0131r.<\/p>\n\n<p>Stepro mikroi\u015flemcili \u00fc\u00e7 fazl\u0131 statik stabilizat\u00f6r mekanik par\u00e7a i\u00e7ermez. Bu nedenle a\u015f\u0131nma sorunlar\u0131yla kar\u015f\u0131la\u015f\u0131lmaz. Mod\u00fcler bir yap\u0131ya sahiptir. Servo stabilizat\u00f6rden daha hafif ve daha k\u00fc\u00e7\u00fck boyutludur.<\/p>\n\n<p>Bo\u015fta \u00e7al\u0131\u015fma durumlar\u0131nda kaliteli bir servo stabilizat\u00f6re g\u00f6re %30-50 verimlilik avantaj\u0131 sa\u011flar. B\u00f6ylece 2 y\u0131l\u0131n sonunda elektrik tasarrufu sayesinde servo stabilizat\u00f6rle aras\u0131ndaki fiyat fark\u0131n\u0131 amorti edecektir.<\/p><\/div>\n\n<div class=\"wp-block-column is-layout-flow wp-block-column-is-layout-flow\" style=\"flex-basis:33.33%\"><figure class=\"wp-block-image size-full\"><img loading=\"lazy\" decoding=\"async\" width=\"217\" height=\"300\" src=\"https:\/\/starfishlimited.com.tr\/wp-content\/uploads\/2025\/02\/km.jpg\" alt=\"\" class=\"wp-image-505\" srcset=\"https:\/\/www.starfishlimited.com.tr\/wp-content\/uploads\/2025\/02\/km.jpg 217w, https:\/\/www.starfishlimited.com.tr\/wp-content\/uploads\/2025\/02\/km-9x12.jpg 9w\" sizes=\"auto, (max-width: 217px) 100vw, 217px\" \/><\/figure><\/div><\/div><p>\u00dc\u00e7 Fazl\u0131 Statik Reg\u00fclat\u00f6rl\u00fc trafolarda silisyum kar\u0131\u015f\u0131ml\u0131 sac kullan\u0131larak elde edilen y\u00fcksek verimle elektrik t\u00fcketimi minimize edilmi\u015ftir. Trafolar\u0131n sar\u0131m\u0131nda 200 C \u0131s\u0131ya dayan\u0131kl\u0131 H0 s\u0131n\u0131f\u0131 emaye kapl\u0131 bak\u0131r teller kullan\u0131lm\u0131\u015ft\u0131r. Koruma \u00fcnitesi sayesinde riskli durumlarda (y\u00fcksek gerilim, d\u00fc\u015f\u00fck gerilim, a\u015f\u0131r\u0131 ak\u0131m, a\u015f\u0131r\u0131 \u0131s\u0131nma) statik stabilizat\u00f6r devre d\u0131\u015f\u0131 b\u0131rak\u0131lmaktad\u0131r.<\/p><div class=\"rl-gallery-container rl-loading\" id=\"rl-gallery-container-1\" data-gallery_id=\"515\"> <div class=\"rl-gallery rl-basicgrid-gallery rl-hover-effect-1 rl-hover-icon-1\" id=\"rl-gallery-1\" data-gallery_no=\"1\"> <div class=\"rl-gallery-item\"><a href=\"https:\/\/www.starfishlimited.com.tr\/wp-content\/uploads\/2025\/03\/l7-removebg-preview.png\" title=\"\" data-rl_title=\"\" class=\"rl-gallery-link\" data-rl_caption=\"\" data-rel=\"lightbox-gallery-1\"><img loading=\"lazy\" decoding=\"async\" src=\"https:\/\/www.starfishlimited.com.tr\/wp-content\/uploads\/2025\/03\/l7-removebg-preview.png\" width=\"500\" height=\"500\" alt=\"\"\/><\/a><\/div><div class=\"rl-gallery-item\"><a href=\"https:\/\/www.starfishlimited.com.tr\/wp-content\/uploads\/2025\/03\/l6.png\" title=\"\" data-rl_title=\"\" class=\"rl-gallery-link\" data-rl_caption=\"\" data-rel=\"lightbox-gallery-1\"><img loading=\"lazy\" decoding=\"async\" src=\"https:\/\/www.starfishlimited.com.tr\/wp-content\/uploads\/2025\/03\/l6.png\" width=\"500\" height=\"500\" alt=\"\"\/><\/a><\/div><div class=\"rl-gallery-item\"><a href=\"https:\/\/www.starfishlimited.com.tr\/wp-content\/uploads\/2025\/03\/l5.png\" title=\"\" data-rl_title=\"\" class=\"rl-gallery-link\" data-rl_caption=\"\" data-rel=\"lightbox-gallery-1\"><img loading=\"lazy\" decoding=\"async\" src=\"https:\/\/www.starfishlimited.com.tr\/wp-content\/uploads\/2025\/03\/l5.png\" width=\"500\" height=\"500\" alt=\"\"\/><\/a><\/div><div class=\"rl-gallery-item\"><a href=\"https:\/\/www.starfishlimited.com.tr\/wp-content\/uploads\/2025\/03\/l4.png\" title=\"\" data-rl_title=\"\" class=\"rl-gallery-link\" data-rl_caption=\"\" data-rel=\"lightbox-gallery-1\"><img loading=\"lazy\" decoding=\"async\" src=\"https:\/\/www.starfishlimited.com.tr\/wp-content\/uploads\/2025\/03\/l4.png\" width=\"500\" height=\"500\" alt=\"\"\/><\/a><\/div><div class=\"rl-gallery-item\"><a href=\"https:\/\/www.starfishlimited.com.tr\/wp-content\/uploads\/2025\/03\/l3.png\" title=\"\" data-rl_title=\"\" class=\"rl-gallery-link\" data-rl_caption=\"\" data-rel=\"lightbox-gallery-1\"><img loading=\"lazy\" decoding=\"async\" src=\"https:\/\/www.starfishlimited.com.tr\/wp-content\/uploads\/2025\/03\/l3.png\" width=\"500\" height=\"500\" alt=\"\"\/><\/a><\/div><div class=\"rl-gallery-item\"><a href=\"https:\/\/www.starfishlimited.com.tr\/wp-content\/uploads\/2025\/03\/l2.png\" title=\"\" data-rl_title=\"\" class=\"rl-gallery-link\" data-rl_caption=\"\" data-rel=\"lightbox-gallery-1\"><img loading=\"lazy\" decoding=\"async\" src=\"https:\/\/www.starfishlimited.com.tr\/wp-content\/uploads\/2025\/03\/l2.png\" width=\"500\" height=\"500\" alt=\"\"\/><\/a><\/div><div class=\"rl-gallery-item\"><a href=\"https:\/\/www.starfishlimited.com.tr\/wp-content\/uploads\/2025\/03\/l1.png\" title=\"\" data-rl_title=\"\" class=\"rl-gallery-link\" data-rl_caption=\"\" data-rel=\"lightbox-gallery-1\"><img loading=\"lazy\" decoding=\"async\" src=\"https:\/\/www.starfishlimited.com.tr\/wp-content\/uploads\/2025\/03\/l1.png\" width=\"500\" height=\"500\" alt=\"\"\/><\/a><\/div> <\/div> <\/div>","protected":false},"excerpt":{"rendered":"<p>\u00dc\u00e7 fazl\u0131 statik stabilizat\u00f6r; \u015eebeke voltaj\u0131ndaki dengesizlikleri \u00e7\u00f6zmek i\u00e7in bulunan y\u00f6ntemlerden biri de mikroi\u015flemci tabanl\u0131 statik stabilizat\u00f6rd\u00fcr. D\u00fczeltme h\u0131zlar\u0131 \u00e7ok y\u00fcksektir. Bu nedenle \u015febeke voltaj\u0131ndaki k\u00fc\u00e7\u00fck de\u011fi\u015fikliklere duyarl\u0131 makineler ve motor bar\u0131nd\u0131ran makineler i\u00e7in kesin \u00e7\u00f6z\u00fcm sa\u011flad\u0131\u011f\u0131 i\u00e7in \u00f6zellikle tercih edilmektedir. Mikroi\u015flemci kontrol\u00fc olarak ZVC-B Tekni\u011fi ile yar\u0131 iletken trist\u00f6rlerin tetiklenmesiyle reg\u00fclasyon sa\u011fland\u0131\u011f\u0131ndan d\u00fczeltme h\u0131z\u0131 [&hellip;]<\/p>","protected":false},"author":1,"featured_media":0,"parent":0,"menu_order":0,"comment_status":"closed","ping_status":"closed","template":"","meta":{"footnotes":""},"class_list":["post-839","page","type-page","status-publish","hentry"],"_links":{"self":[{"href":"https:\/\/www.starfishlimited.com.tr\/tr\/wp-json\/wp\/v2\/pages\/839","targetHints":{"allow":["GET"]}}],"collection":[{"href":"https:\/\/www.starfishlimited.com.tr\/tr\/wp-json\/wp\/v2\/pages"}],"about":[{"href":"https:\/\/www.starfishlimited.com.tr\/tr\/wp-json\/wp\/v2\/types\/page"}],"author":[{"embeddable":true,"href":"https:\/\/www.starfishlimited.com.tr\/tr\/wp-json\/wp\/v2\/users\/1"}],"replies":[{"embeddable":true,"href":"https:\/\/www.starfishlimited.com.tr\/tr\/wp-json\/wp\/v2\/comments?post=839"}],"version-history":[{"count":2,"href":"https:\/\/www.starfishlimited.com.tr\/tr\/wp-json\/wp\/v2\/pages\/839\/revisions"}],"predecessor-version":[{"id":842,"href":"https:\/\/www.starfishlimited.com.tr\/tr\/wp-json\/wp\/v2\/pages\/839\/revisions\/842"}],"wp:attachment":[{"href":"https:\/\/www.starfishlimited.com.tr\/tr\/wp-json\/wp\/v2\/media?parent=839"}],"curies":[{"name":"wp","href":"https:\/\/api.w.org\/{rel}","templated":true}]}}