{"id":833,"date":"2025-05-30T14:25:20","date_gmt":"2025-05-30T11:25:20","guid":{"rendered":"https:\/\/www.starfishlimited.com.tr\/?page_id=833"},"modified":"2025-05-30T15:46:00","modified_gmt":"2025-05-30T12:46:00","slug":"statik-sabitleyici","status":"publish","type":"page","link":"https:\/\/www.starfishlimited.com.tr\/tr\/statik-sabitleyici\/","title":{"rendered":"Statik Sabitleyici"},"content":{"rendered":"<div class=\"blog-post-area\">\n        <div class=\"container\">\n            <div class=\"row g-24 mt--20\">\n                <div class=\"col-lg-3 col-md-6 col-sm-12 col-12\">\n                    <div class=\"blog-single-one text-center\" style=\"box-shadow: 0 0 6px 1px #b1b5b8!important;\">\n                        <a href=\"https:\/\/www.starfishlimited.com.tr\/tr\/tek-fazli-1-fazli-statik-stabilizator\/\" class=\"thumbnail\">\n                            <div class=\"inner\">\n                                <img decoding=\"async\" src=\"https:\/\/starfishlimited.com.tr\/wp-content\/uploads\/2025\/02\/y1.png\" alt=\"blog-image\">\n                            <\/div>\n                        <\/a>\n\n                        <div class=\"body text-start\">\n                            <a href=\"https:\/\/www.starfishlimited.com.tr\/tr\/tek-fazli-1-fazli-statik-stabilizator\/\">\n                                <h5 class=\"title\">Tek Fazl\u0131 (1 Fazl\u0131) Statik Stabilizat\u00f6r<\/h5>\n                            <\/a>\n                            <a href=\"https:\/\/www.starfishlimited.com.tr\/tr\/tek-fazli-1-fazli-statik-stabilizator\/\" class=\"rts-btn btn-border radious-0\">\n                                Ayr\u0131nt\u0131lar\u0131 Oku\n                                <i class=\"fa-regular fa-arrow-up-right\"><\/i>\n                            <\/a>\n                        <\/div>\n                    <\/div>\n                <\/div>\n                <div class=\"col-lg-3 col-md-6 col-sm-12 col-12\">\n                     <div class=\"blog-single-one text-center\" style=\"box-shadow: 0 0 6px 1px #b1b5b8!important;\">\n                        <a href=\"https:\/\/www.starfishlimited.com.tr\/tr\/uc-fazli-3-fazli-statik-stabilizator\/\" class=\"thumbnail\">\n                            <div class=\"inner\">\n                                <img decoding=\"async\" src=\"https:\/\/starfishlimited.com.tr\/wp-content\/uploads\/2025\/02\/y2.png\" alt=\"blog-image\">\n                            <\/div>\n                        <\/a>\n\n                        <div class=\"body text-start\">\n                            <a href=\"https:\/\/www.starfishlimited.com.tr\/tr\/uc-fazli-3-fazli-statik-stabilizator\/\">\n                                <h5 class=\"title\">\u00dc\u00e7 Fazl\u0131 (3 Fazl\u0131) Statik Stabilizat\u00f6r<\/h5>\n                            <\/a>\n                            <a href=\"https:\/\/www.starfishlimited.com.tr\/tr\/uc-fazli-3-fazli-statik-stabilizator\/\" class=\"rts-btn btn-border radious-0\">\n                                Ayr\u0131nt\u0131lar\u0131 Oku\n                                <i class=\"fa-regular fa-arrow-up-right\"><\/i>\n                            <\/a>\n                        <\/div>\n                    <\/div>\n                <\/div>\n                <div class=\"col-lg-3 col-md-6 col-sm-12 col-12\">\n                     <div class=\"blog-single-one text-center\" style=\"box-shadow: 0 0 6px 1px #b1b5b8!important;\">\n                        <a href=\"https:\/\/www.starfishlimited.com.tr\/tr\/harici-tip-statik-stabilizator\/\" class=\"thumbnail\">\n                            <div class=\"inner\">\n                                <img decoding=\"async\" src=\"https:\/\/starfishlimited.com.tr\/wp-content\/uploads\/2025\/02\/y3.png\" alt=\"blog-image\">\n                            <\/div>\n                        <\/a>\n\n                        <div class=\"body text-start\">\n                            <a href=\"https:\/\/www.starfishlimited.com.tr\/tr\/harici-tip-statik-stabilizator\/\">\n                                <h5 class=\"title\">Harici Tip Statik Stabilizat\u00f6r<\/h5>\n                            <\/a>\n                            <a href=\"https:\/\/www.starfishlimited.com.tr\/tr\/harici-tip-statik-stabilizator\/\" class=\"rts-btn btn-border radious-0\">\n                                Ayr\u0131nt\u0131lar\u0131 Oku\n                                <i class=\"fa-regular fa-arrow-up-right\"><\/i>\n                            <\/a>\n                        <\/div>\n                    <\/div>\n                <\/div>\n                <div class=\"col-lg-3 col-md-6 col-sm-12 col-12\">\n                     <div class=\"blog-single-one text-center\" style=\"box-shadow: 0 0 6px 1px #b1b5b8!important;\">\n                        <a href=\"https:\/\/www.starfishlimited.com.tr\/tr\/izole-trafo-cikisli-statik-stabilizator\/\" class=\"thumbnail\">\n                            <div class=\"inner\">\n                                <img decoding=\"async\" src=\"https:\/\/starfishlimited.com.tr\/wp-content\/uploads\/2025\/02\/y4.png\" alt=\"blog-image\">\n                            <\/div>\n                        <\/a>\n\n                        <div class=\"body text-start\">\n                            <a href=\"https:\/\/www.starfishlimited.com.tr\/tr\/izole-trafo-cikisli-statik-stabilizator\/\">\n                                <h5 class=\"title\">\u0130zole Trafo \u00c7\u0131k\u0131\u015fl\u0131 Statik Stabilizat\u00f6r<\/h5>\n                            <\/a>\n                            <a href=\"https:\/\/www.starfishlimited.com.tr\/tr\/izole-trafo-cikisli-statik-stabilizator\/\" class=\"rts-btn btn-border radious-0\">\n                                Ayr\u0131nt\u0131lar\u0131 Oku\n                                <i class=\"fa-regular fa-arrow-up-right\"><\/i>\n                            <\/a>\n                        <\/div>\n                    <\/div>\n                <\/div>\n            <\/div>\n        <\/div>\n    <\/div><div class=\"rl-gallery-container rl-loading\" id=\"rl-gallery-container-1\" data-gallery_id=\"569\"> <div class=\"rl-gallery rl-basicgrid-gallery rl-hover-effect-1 rl-hover-icon-2\" id=\"rl-gallery-1\" data-gallery_no=\"1\"> <div class=\"rl-gallery-item\"><a href=\"https:\/\/www.starfishlimited.com.tr\/wp-content\/uploads\/2025\/03\/y4.png\" title=\"\" data-rl_title=\"\" class=\"rl-gallery-link\" data-rl_caption=\"\" data-rel=\"lightbox-gallery-1\"><img loading=\"lazy\" decoding=\"async\" src=\"https:\/\/www.starfishlimited.com.tr\/wp-content\/uploads\/2025\/03\/y4.png\" width=\"600\" height=\"600\" alt=\"\"\/><\/a><\/div><div class=\"rl-gallery-item\"><a href=\"https:\/\/www.starfishlimited.com.tr\/wp-content\/uploads\/2025\/03\/y5.png\" title=\"\" data-rl_title=\"\" class=\"rl-gallery-link\" data-rl_caption=\"\" data-rel=\"lightbox-gallery-1\"><img loading=\"lazy\" decoding=\"async\" src=\"https:\/\/www.starfishlimited.com.tr\/wp-content\/uploads\/2025\/03\/y5.png\" width=\"600\" height=\"600\" alt=\"\"\/><\/a><\/div><div class=\"rl-gallery-item\"><a href=\"https:\/\/www.starfishlimited.com.tr\/wp-content\/uploads\/2025\/03\/y6.png\" title=\"\" data-rl_title=\"\" class=\"rl-gallery-link\" data-rl_caption=\"\" data-rel=\"lightbox-gallery-1\"><img loading=\"lazy\" decoding=\"async\" src=\"https:\/\/www.starfishlimited.com.tr\/wp-content\/uploads\/2025\/03\/y6.png\" width=\"600\" height=\"600\" alt=\"\"\/><\/a><\/div><div class=\"rl-gallery-item\"><a href=\"https:\/\/www.starfishlimited.com.tr\/wp-content\/uploads\/2025\/03\/y7.png\" title=\"\" data-rl_title=\"\" class=\"rl-gallery-link\" data-rl_caption=\"\" data-rel=\"lightbox-gallery-1\"><img loading=\"lazy\" decoding=\"async\" src=\"https:\/\/www.starfishlimited.com.tr\/wp-content\/uploads\/2025\/03\/y7.png\" width=\"600\" height=\"600\" alt=\"\"\/><\/a><\/div><div class=\"rl-gallery-item\"><a href=\"https:\/\/www.starfishlimited.com.tr\/wp-content\/uploads\/2025\/03\/y8.png\" title=\"\" data-rl_title=\"\" class=\"rl-gallery-link\" data-rl_caption=\"\" data-rel=\"lightbox-gallery-1\"><img loading=\"lazy\" decoding=\"async\" src=\"https:\/\/www.starfishlimited.com.tr\/wp-content\/uploads\/2025\/03\/y8.png\" width=\"600\" height=\"600\" alt=\"\"\/><\/a><\/div><div class=\"rl-gallery-item\"><a href=\"https:\/\/www.starfishlimited.com.tr\/wp-content\/uploads\/2025\/03\/y9.png\" title=\"\" data-rl_title=\"\" class=\"rl-gallery-link\" data-rl_caption=\"\" data-rel=\"lightbox-gallery-1\"><img loading=\"lazy\" decoding=\"async\" src=\"https:\/\/www.starfishlimited.com.tr\/wp-content\/uploads\/2025\/03\/y9.png\" width=\"600\" height=\"600\" alt=\"\"\/><\/a><\/div><div class=\"rl-gallery-item\"><a href=\"https:\/\/www.starfishlimited.com.tr\/wp-content\/uploads\/2025\/03\/y10.png\" title=\"\" data-rl_title=\"\" class=\"rl-gallery-link\" data-rl_caption=\"\" data-rel=\"lightbox-gallery-1\"><img loading=\"lazy\" decoding=\"async\" src=\"https:\/\/www.starfishlimited.com.tr\/wp-content\/uploads\/2025\/03\/y10.png\" width=\"600\" height=\"600\" alt=\"\"\/><\/a><\/div><div class=\"rl-gallery-item\"><a href=\"https:\/\/www.starfishlimited.com.tr\/wp-content\/uploads\/2025\/03\/y11.png\" title=\"\" data-rl_title=\"\" class=\"rl-gallery-link\" data-rl_caption=\"\" data-rel=\"lightbox-gallery-1\"><img loading=\"lazy\" decoding=\"async\" src=\"https:\/\/www.starfishlimited.com.tr\/wp-content\/uploads\/2025\/03\/y11.png\" width=\"600\" height=\"600\" alt=\"\"\/><\/a><\/div><div class=\"rl-gallery-item\"><a href=\"https:\/\/www.starfishlimited.com.tr\/wp-content\/uploads\/2025\/03\/y12.png\" title=\"\" data-rl_title=\"\" class=\"rl-gallery-link\" data-rl_caption=\"\" data-rel=\"lightbox-gallery-1\"><img loading=\"lazy\" decoding=\"async\" src=\"https:\/\/www.starfishlimited.com.tr\/wp-content\/uploads\/2025\/03\/y12.png\" width=\"600\" height=\"600\" alt=\"\"\/><\/a><\/div><div class=\"rl-gallery-item\"><a href=\"https:\/\/www.starfishlimited.com.tr\/wp-content\/uploads\/2025\/03\/y1.png\" title=\"\" data-rl_title=\"\" class=\"rl-gallery-link\" data-rl_caption=\"\" data-rel=\"lightbox-gallery-1\"><img loading=\"lazy\" decoding=\"async\" src=\"https:\/\/www.starfishlimited.com.tr\/wp-content\/uploads\/2025\/03\/y1.png\" width=\"600\" height=\"600\" alt=\"\"\/><\/a><\/div><div class=\"rl-gallery-item\"><a href=\"https:\/\/www.starfishlimited.com.tr\/wp-content\/uploads\/2025\/03\/y2.png\" title=\"\" data-rl_title=\"\" class=\"rl-gallery-link\" data-rl_caption=\"\" data-rel=\"lightbox-gallery-1\"><img loading=\"lazy\" decoding=\"async\" src=\"https:\/\/www.starfishlimited.com.tr\/wp-content\/uploads\/2025\/03\/y2.png\" width=\"600\" height=\"600\" alt=\"\"\/><\/a><\/div><div class=\"rl-gallery-item\"><a href=\"https:\/\/www.starfishlimited.com.tr\/wp-content\/uploads\/2025\/03\/y3.png\" title=\"\" data-rl_title=\"\" class=\"rl-gallery-link\" data-rl_caption=\"\" data-rel=\"lightbox-gallery-1\"><img loading=\"lazy\" decoding=\"async\" src=\"https:\/\/www.starfishlimited.com.tr\/wp-content\/uploads\/2025\/03\/y3.png\" width=\"600\" height=\"600\" alt=\"\"\/><\/a><\/div> <\/div> <\/div><div class=\"wp-block-columns is-layout-flex wp-container-core-columns-is-layout-9d6595d7 wp-block-columns-is-layout-flex\"><div class=\"wp-block-column is-layout-flow wp-block-column-is-layout-flow\"><figure class=\"wp-block-video\"><video autoplay controls loop muted src=\"https:\/\/starfishlimited.com.tr\/wp-content\/uploads\/2025\/05\/video-alt.mp4\"><\/video><\/figure><\/div>\n\n<div class=\"wp-block-column is-layout-flow wp-block-column-is-layout-flow\"><\/div>\n\n<div class=\"wp-block-column is-layout-flow wp-block-column-is-layout-flow\"><\/div><\/div>","protected":false},"excerpt":{"rendered":"<p>Tek Fazl\u0131 (1 Fazl\u0131) Statik Stabilizat\u00f6r Ayr\u0131nt\u0131lar\u0131 Oku \u00dc\u00e7 Fazl\u0131 (3 Fazl\u0131) Statik Stabilizat\u00f6r Ayr\u0131nt\u0131lar\u0131 Oku Harici Tip Statik Stabilizat\u00f6r Ayr\u0131nt\u0131lar\u0131 Oku \u0130zole Trafo \u00c7\u0131k\u0131\u015fl\u0131 Statik Stabilizat\u00f6r Ayr\u0131nt\u0131lar\u0131 Oku<\/p>","protected":false},"author":1,"featured_media":0,"parent":0,"menu_order":0,"comment_status":"closed","ping_status":"closed","template":"","meta":{"footnotes":""},"class_list":["post-833","page","type-page","status-publish","hentry"],"_links":{"self":[{"href":"https:\/\/www.starfishlimited.com.tr\/tr\/wp-json\/wp\/v2\/pages\/833","targetHints":{"allow":["GET"]}}],"collection":[{"href":"https:\/\/www.starfishlimited.com.tr\/tr\/wp-json\/wp\/v2\/pages"}],"about":[{"href":"https:\/\/www.starfishlimited.com.tr\/tr\/wp-json\/wp\/v2\/types\/page"}],"author":[{"embeddable":true,"href":"https:\/\/www.starfishlimited.com.tr\/tr\/wp-json\/wp\/v2\/users\/1"}],"replies":[{"embeddable":true,"href":"https:\/\/www.starfishlimited.com.tr\/tr\/wp-json\/wp\/v2\/comments?post=833"}],"version-history":[{"count":2,"href":"https:\/\/www.starfishlimited.com.tr\/tr\/wp-json\/wp\/v2\/pages\/833\/revisions"}],"predecessor-version":[{"id":849,"href":"https:\/\/www.starfishlimited.com.tr\/tr\/wp-json\/wp\/v2\/pages\/833\/revisions\/849"}],"wp:attachment":[{"href":"https:\/\/www.starfishlimited.com.tr\/tr\/wp-json\/wp\/v2\/media?parent=833"}],"curies":[{"name":"wp","href":"https:\/\/api.w.org\/{rel}","templated":true}]}}