{"id":831,"date":"2025-05-30T14:23:22","date_gmt":"2025-05-30T11:23:22","guid":{"rendered":"https:\/\/www.starfishlimited.com.tr\/?page_id=831"},"modified":"2025-06-04T17:34:56","modified_gmt":"2025-06-04T14:34:56","slug":"servo-motor-surucu-trafolar","status":"publish","type":"page","link":"https:\/\/www.starfishlimited.com.tr\/tr\/servo-motor-surucu-trafolar\/","title":{"rendered":"Servo Motor S\u00fcr\u00fcc\u00fc Trafolar"},"content":{"rendered":"<div class=\"wp-block-columns is-layout-flex wp-container-core-columns-is-layout-9d6595d7 wp-block-columns-is-layout-flex\"><div class=\"wp-block-column is-layout-flow wp-block-column-is-layout-flow\" style=\"flex-basis:66.66%\"><p>Servo Motor S\u00fcr\u00fcc\u00fc Transformat\u00f6rleri servo motorlar\u0131 s\u00fcrerken \u015febeke voltaj\u0131n\u0131 380 V&#8217;tan 220 V&#8217;a d\u00fc\u015f\u00fcrmek i\u00e7in kullan\u0131l\u0131r. 3 fazl\u0131d\u0131r. Oto trafo ve izole trafo \u00e7e\u015fitleri mevcuttur.<\/p>\n\n<p>H s\u0131n\u0131f\u0131 emaye kapl\u0131 bak\u0131r teller veya al\u00fcminyum kullan\u0131larak \u00fcretilir ve trafo \u00e7ekirde\u011finde kullan\u0131lan silikon levhalar en az 10.000 gauss de\u011ferindedir.<\/p>\n\n<p>Korozyonun yo\u011fun oldu\u011fu yerlerde vakumlu vernikle, az oldu\u011fu yerlerde ise boya ile paslanmaya kar\u015f\u0131 korunur.<\/p>\n\n<p>Giri\u015f ve \u00e7\u0131k\u0131\u015f ba\u011flant\u0131lar\u0131 trafo \u00fczerindeki terminaller kullan\u0131larak yap\u0131l\u0131r.<\/p>\n\n<p>S\u00fcr\u00fcc\u00fc trafosu kullan\u0131m yerine g\u00f6re kutulu veya kutusuz olarak \u00fcretilir. \u0130ste\u011fe ba\u011fl\u0131 olarak a\u015f\u0131r\u0131 \u0131s\u0131nma ve a\u015f\u0131r\u0131 ak\u0131m koruma \u00fcniteleri eklenebilir.<\/p><\/div>\n\n<div class=\"wp-block-column is-layout-flow wp-block-column-is-layout-flow\" style=\"flex-basis:33.33%\"><figure class=\"wp-block-image size-full\"><img loading=\"lazy\" decoding=\"async\" width=\"225\" height=\"223\" src=\"https:\/\/starfishlimited.com.tr\/wp-content\/uploads\/2025\/02\/X35.jpg\" alt=\"\" class=\"wp-image-357\" srcset=\"https:\/\/www.starfishlimited.com.tr\/wp-content\/uploads\/2025\/02\/X35.jpg 225w, https:\/\/www.starfishlimited.com.tr\/wp-content\/uploads\/2025\/02\/X35-150x150.jpg 150w, https:\/\/www.starfishlimited.com.tr\/wp-content\/uploads\/2025\/02\/X35-12x12.jpg 12w, https:\/\/www.starfishlimited.com.tr\/wp-content\/uploads\/2025\/02\/X35-100x100.jpg 100w\" sizes=\"auto, (max-width: 225px) 100vw, 225px\" \/><\/figure><\/div><\/div><div class=\"wp-block-columns is-layout-flex wp-container-core-columns-is-layout-9d6595d7 wp-block-columns-is-layout-flex\"><div class=\"wp-block-column is-layout-flow wp-block-column-is-layout-flow\"><p><strong>Genel \u00d6zellikler<\/strong><\/p>\n\n<p>\u27a4 \u0130zole veya otomatik yap\u0131<br>\u27a4 10.000 \u2013 22.000 gauss sac<br>\u27a4 \u00d6zel kesme sac,<br>\u27a4 \u00d6zel \u00fcretim karkas<br>\u27a4 S\u0131n\u0131f H bak\u0131r veya al\u00fcminyum sar\u0131m<br>\u27a4 Al\u00fcminyum veya bak\u0131r Folyo sarma<br>\u27a4 A\u015f\u0131r\u0131 \u0131s\u0131nma koruma termostat\u0131<br>\u27a4 UK: 3% \u2013 4%<\/p><\/div>\n\n<div class=\"wp-block-column is-layout-flow wp-block-column-is-layout-flow\"><p>\u27a4 2 dakika boyunca %200 y\u00fcke dayan\u0131r<br>\u27a4 Vakum verni\u011fi<br>\u27a4 F\u0131r\u0131n kurutma<br>\u27a4 Sigorta ile Giri\u015f \u2013 \u00c7\u0131k\u0131\u015f korumas\u0131<br>\u27a4 Topraklama Ekran\u0131<br>\u27a4 Yal\u0131t\u0131m voltaj\u0131: 4.000 VAC<br>\u27a4 Y\u00fcksek verimlilik<br>\u27a4 Terminal veya pabu\u00e7 ba\u011flant\u0131s\u0131<br>\u27a4 Giri\u015f-\u00e7\u0131k\u0131\u015f filtresi<\/p><\/div>\n\n<div class=\"wp-block-column is-layout-flow wp-block-column-is-layout-flow\"><p>\u27a4 Boyal\u0131 veya boyas\u0131z \u00e7\u00f6z\u00fcmler<br>\u27a4 Fanl\u0131 so\u011futma<br>\u27a4 Sessiz \u00e7al\u0131\u015fma<br>\u27a4 Ko\u015ful testi<br>\u27a4 IP 20 \u2013 IP65 Koruma s\u0131n\u0131f\u0131<br>\u27a4 CE ve ISO-9001 sertifikal\u0131<br>\u27a4 \u00d6zel paketleme<\/p><\/div><\/div>","protected":false},"excerpt":{"rendered":"<p>Servo Motor S\u00fcr\u00fcc\u00fc Transformat\u00f6rleri servo motorlar\u0131 s\u00fcrerken \u015febeke voltaj\u0131n\u0131 380 V&#8217;tan 220 V&#8217;a d\u00fc\u015f\u00fcrmek i\u00e7in kullan\u0131l\u0131r. 3 fazl\u0131d\u0131r. Oto trafo ve izole trafo \u00e7e\u015fitleri mevcuttur. H s\u0131n\u0131f\u0131 emaye kapl\u0131 bak\u0131r teller veya al\u00fcminyum kullan\u0131larak \u00fcretilir ve trafo \u00e7ekirde\u011finde kullan\u0131lan silikon levhalar en az 10.000 gauss de\u011ferindedir. Korozyonun yo\u011fun oldu\u011fu yerlerde vakumlu vernikle, az oldu\u011fu yerlerde [&hellip;]<\/p>","protected":false},"author":1,"featured_media":0,"parent":0,"menu_order":0,"comment_status":"closed","ping_status":"closed","template":"","meta":{"footnotes":""},"class_list":["post-831","page","type-page","status-publish","hentry"],"_links":{"self":[{"href":"https:\/\/www.starfishlimited.com.tr\/tr\/wp-json\/wp\/v2\/pages\/831","targetHints":{"allow":["GET"]}}],"collection":[{"href":"https:\/\/www.starfishlimited.com.tr\/tr\/wp-json\/wp\/v2\/pages"}],"about":[{"href":"https:\/\/www.starfishlimited.com.tr\/tr\/wp-json\/wp\/v2\/types\/page"}],"author":[{"embeddable":true,"href":"https:\/\/www.starfishlimited.com.tr\/tr\/wp-json\/wp\/v2\/users\/1"}],"replies":[{"embeddable":true,"href":"https:\/\/www.starfishlimited.com.tr\/tr\/wp-json\/wp\/v2\/comments?post=831"}],"version-history":[{"count":2,"href":"https:\/\/www.starfishlimited.com.tr\/tr\/wp-json\/wp\/v2\/pages\/831\/revisions"}],"predecessor-version":[{"id":1074,"href":"https:\/\/www.starfishlimited.com.tr\/tr\/wp-json\/wp\/v2\/pages\/831\/revisions\/1074"}],"wp:attachment":[{"href":"https:\/\/www.starfishlimited.com.tr\/tr\/wp-json\/wp\/v2\/media?parent=831"}],"curies":[{"name":"wp","href":"https:\/\/api.w.org\/{rel}","templated":true}]}}